{"id":92,"date":"2018-10-08T22:06:41","date_gmt":"2018-10-08T20:06:41","guid":{"rendered":"https:\/\/objetsparticipatif.fr\/site\/?page_id=92"},"modified":"2026-03-26T15:28:52","modified_gmt":"2026-03-26T14:28:52","slug":"parcours","status":"publish","type":"page","link":"https:\/\/objetsparticipatif.fr\/site\/parcours\/","title":{"rendered":"Parcours"},"content":{"rendered":"\n<h1 class=\"wp-block-heading\" style=\"font-size:27px\">Martin Boutry<\/h1>\n\n\n\n<h2 class=\"wp-block-heading\"><strong>Facilitateur Formateur et Accompagnateur<\/strong><\/h2>\n\n\n\n<figure class=\"wp-block-image size-full is-resized\"><img loading=\"lazy\" decoding=\"async\" width=\"1504\" height=\"2256\" src=\"https:\/\/objetsparticipatif.fr\/site\/wp-content\/uploads\/2023\/05\/photo7-rotated.jpg\" alt=\"Photo dans le cadre d'une conf\u00e9rence gesticul\u00e9 avec terre de Liens\" class=\"wp-image-310\" style=\"width:326px;height:auto\" srcset=\"https:\/\/objetsparticipatif.fr\/site\/wp-content\/uploads\/2023\/05\/photo7-rotated.jpg 1504w, https:\/\/objetsparticipatif.fr\/site\/wp-content\/uploads\/2023\/05\/photo7-200x300.jpg 200w, https:\/\/objetsparticipatif.fr\/site\/wp-content\/uploads\/2023\/05\/photo7-683x1024.jpg 683w, https:\/\/objetsparticipatif.fr\/site\/wp-content\/uploads\/2023\/05\/photo7-768x1152.jpg 768w, https:\/\/objetsparticipatif.fr\/site\/wp-content\/uploads\/2023\/05\/photo7-1024x1536.jpg 1024w, https:\/\/objetsparticipatif.fr\/site\/wp-content\/uploads\/2023\/05\/photo7-1365x2048.jpg 1365w\" sizes=\"auto, (max-width: 706px) 89vw, (max-width: 767px) 82vw, 740px\" \/><\/figure>\n\n\n\n<p class=\"has-medium-font-size\">Cr\u00e9ateur et Animateur d\u2019<em>Objet(s) Participatif<\/em> depuis 2014<\/p>\n\n\n\n<p class=\"has-medium-font-size\">Co-fondateur et Animateur de l&rsquo;association <a href=\"https:\/\/www.transitionhdf.fr\">R\u00e9seau Transition Hauts-de-France<\/a> depuis 2022<\/p>\n\n\n\n<p class=\"has-medium-font-size\">Conseiller municipal pour la commune de Sainte Marie Cappel depuis mars 2026<\/p>\n\n\n\n<p class=\"has-medium-font-size\">Adh\u00e9rent de l\u2019APES (Acteurs pour l\u2019\u00e9conomie sociale et solidaire)<\/p>\n\n\n\n<p class=\"has-medium-font-size\">B\u00e9n\u00e9vole pour le Festival International de la bi\u00e8re artisanale, en charge de la transition \u00e9cologique.<\/p>\n\n\n\n<p class=\"has-medium-font-size\">Co-fondateur du collectif citoyen Sainte Marie Cappel en transition<\/p>\n\n\n\n<p class=\"has-medium-font-size\">Initiateur du mouvement de transition Demain en Flandre en 2016<\/p>\n\n\n\n<p class=\"has-medium-font-size\">Organisateur de 15 itin\u00e9rances collectives militantes d\u00e8s 2002 (Climat, Sortir du nucl\u00e9aire, \u00c9ducation \u00e0 la Paix, Acc\u00e8s \u00e0 la terre, D\u00e9croissance&#8230;)<\/p>\n\n\n\n<p class=\"has-medium-font-size\">Plus de 26 ann\u00e9es au service de la soci\u00e9t\u00e9 et du bien commun (V\u00e9lorution Lille, \u00c9glise de la tr\u00e8s sainte consommation,  Clown activiste, Jardinier, Apiculteur, Crieur de rue, &#8230;)<\/p>\n\n\n\n<p class=\"has-medium-font-size\">Talent, B\u00e2tisseur et administrateur de la coop\u00e9rative Rezom de 2016 \u00e0 2022<\/p>\n\n\n\n<p class=\"has-medium-font-size\">Membre de la CAE Grands Ensemble de 2014 \u00e0 2026<\/p>\n\n\n\n<p class=\"has-medium-font-size\"><em><em>Martin Boutry<\/em> est un artisan facilitateur, il pratique et m\u00eale les outils de l\u2019\u00e9ducation populaire avec ceux de l\u2019intelligence collective.<\/em><\/p>\n\n\n\n<h2 class=\"wp-block-heading\">Parcours<\/h2>\n\n\n\n<p class=\"has-medium-font-size\">Auteur et acteur d\u2019un parcours atypique, Martin Boutry fut enqu\u00eateur publicitaire pour Dauphin &nbsp;affichage, puis Clear Channel. <\/p>\n\n\n\n<p class=\"has-medium-font-size\">Le rachat de l\u2019entreprise et des rencontres l\u2019ont confort\u00e9 et encourag\u00e9 \u00e0 faire le choix de s\u2019investir durant 14 ann\u00e9es au service de la soci\u00e9t\u00e9 et du bien commun, \u00e0 travers de multiples initiatives individuelles, collectives et militantes. <\/p>\n\n\n\n<p class=\"has-medium-font-size\">Ce temps fut l\u2019occasion de monter en comp\u00e9tences dans des domaines vari\u00e9s, tels que l&rsquo;artisanat, la culture du faire et vivre ensemble \u00e0 travers de multiples temps de formation et d\u2019autoformation. <\/p>\n\n\n\n<p class=\"has-medium-font-size\">Il tire de ce choix de vie une exp\u00e9rience de terrain, une facilit\u00e9 \u00e0 s&rsquo;adapter et \u00e0 rencontrer tous les acteurs d\u00e9sireux d\u2019insuffler du sens dans leurs actions.<\/p>\n\n\n\n<p class=\"has-medium-font-size\"><span style=\"color: #333333;\"><span style=\"font-family: Calibri;\"><span style=\"font-size: small;\"><\/span><\/span><\/span>En 2014, il diversifie son mod\u00e8le et ses moyens en cr\u00e9ant son entreprise, <em>objet(s) participatif<\/em>, h\u00e9berg\u00e9 dans la coop\u00e9rative d\u2019activit\u00e9 et d\u2019emploi, <a href=\"https:\/\/grandsensemble.org\/les-entrepreneurs\/\">Grands Ensemble<\/a>. Il se passionne pour les nouvelles formes de gouvernance et l\u2019animation des dynamiques coop\u00e9ratives.<\/p>\n\n\n\n<p class=\"has-medium-font-size\"><span style=\"color: #333333;\"><span style=\"font-family: Calibri;\"><span style=\"font-size: small;\"><\/span><\/span><\/span>Il m\u00eale les pratiques de l\u2019\u00e9ducation populaire \u00e0 celles de l\u2019intelligence collective tel un artisan-p\u00e9dagogue. Aujourd\u2019hui, il r\u00e9pond aux besoins d\u2019animation et de facilitation des organisations collectives d\u00e9sireuses de mettre au centre l\u2019objet ou l&rsquo;int\u00e9r\u00eat commun.<\/p>\n\n\n\n<p class=\"has-medium-font-size\">Depuis 2016, il accompagne les organisations dans leurs dynamiques collaboratives et dans leurs d\u00e9marches de gouvernance partag\u00e9e. <\/p>\n\n\n\n<p class=\"has-medium-font-size\">Depuis janvier 2022, martin s&rsquo;investit dans le d\u00e9veloppement du <a rel=\"noreferrer noopener\" href=\"http:\/\/www.transitionhdf.fr\" data-type=\"URL\" data-id=\"www.transitionhdf.fr\" target=\"_blank\">R\u00e9seau transition Hauts de France<\/a>. Celle-ci ayant pour objet de soutenir les collectifs citoyens  et les collectivit\u00e9s dans leurs actions de transition pour leurs villes  ou leurs quartiers. <\/p>\n\n\n\n<p><\/p>\n\n\n\n<p><\/p>\n\n\n\n<p><\/p>\n\n\n\n<p><\/p>\n","protected":false},"excerpt":{"rendered":"<p>Martin Boutry Facilitateur Formateur et Accompagnateur Cr\u00e9ateur et Animateur d\u2019Objet(s) Participatif depuis 2014 Co-fondateur et Animateur de l&rsquo;association R\u00e9seau Transition Hauts-de-France depuis 2022 Conseiller municipal pour la commune de Sainte Marie Cappel depuis mars 2026 Adh\u00e9rent de l\u2019APES (Acteurs pour l\u2019\u00e9conomie sociale et solidaire) B\u00e9n\u00e9vole pour le Festival International de la bi\u00e8re artisanale, en charge &hellip; <\/p>\n<p class=\"link-more\"><a href=\"https:\/\/objetsparticipatif.fr\/site\/parcours\/\" class=\"more-link\">Continuer la lecture<span class=\"screen-reader-text\"> de &laquo;&nbsp;Parcours&nbsp;&raquo;<\/span><\/a><\/p>\n","protected":false},"author":1,"featured_media":307,"parent":0,"menu_order":0,"comment_status":"closed","ping_status":"closed","template":"","meta":{"footnotes":""},"class_list":["post-92","page","type-page","status-publish","has-post-thumbnail","hentry"],"_links":{"self":[{"href":"https:\/\/objetsparticipatif.fr\/site\/wp-json\/wp\/v2\/pages\/92","targetHints":{"allow":["GET"]}}],"collection":[{"href":"https:\/\/objetsparticipatif.fr\/site\/wp-json\/wp\/v2\/pages"}],"about":[{"href":"https:\/\/objetsparticipatif.fr\/site\/wp-json\/wp\/v2\/types\/page"}],"author":[{"embeddable":true,"href":"https:\/\/objetsparticipatif.fr\/site\/wp-json\/wp\/v2\/users\/1"}],"replies":[{"embeddable":true,"href":"https:\/\/objetsparticipatif.fr\/site\/wp-json\/wp\/v2\/comments?post=92"}],"version-history":[{"count":31,"href":"https:\/\/objetsparticipatif.fr\/site\/wp-json\/wp\/v2\/pages\/92\/revisions"}],"predecessor-version":[{"id":384,"href":"https:\/\/objetsparticipatif.fr\/site\/wp-json\/wp\/v2\/pages\/92\/revisions\/384"}],"wp:featuredmedia":[{"embeddable":true,"href":"https:\/\/objetsparticipatif.fr\/site\/wp-json\/wp\/v2\/media\/307"}],"wp:attachment":[{"href":"https:\/\/objetsparticipatif.fr\/site\/wp-json\/wp\/v2\/media?parent=92"}],"curies":[{"name":"wp","href":"https:\/\/api.w.org\/{rel}","templated":true}]}}