{"id":79,"date":"2018-10-08T21:20:42","date_gmt":"2018-10-08T19:20:42","guid":{"rendered":"https:\/\/objetsparticipatif.fr\/site\/?page_id=79"},"modified":"2025-07-04T07:29:12","modified_gmt":"2025-07-04T05:29:12","slug":"formations","status":"publish","type":"page","link":"https:\/\/objetsparticipatif.fr\/site\/formations\/","title":{"rendered":"Formations"},"content":{"rendered":"\n<h1 class=\"wp-block-heading\">Formation \u00ab\u00a0D\u00e9couverte de la Gouvernance Partag\u00e9e\u00a0\u00bb<\/h1>\n\n\n\n<p><strong>Dimanche 29 juin 2025 de 9H30 \u00e0 16H30<\/strong> aux <a href=\"https:\/\/lesjardinsducygne.com\/\" target=\"_blank\" rel=\"noreferrer noopener\">jardins du Cygne \u00e0 Arn\u00e8ke<\/a>.<\/p>\n\n\n\n<p>Dans le cadre de la quinzaine organis\u00e9 par <a href=\"https:\/\/mobilizon.fr\/@democratie_vivante_en_flandre_\">le collectif D\u00e9mocratie vivante en Flandre<\/a><\/p>\n\n\n\n<p>D\u00e9couvrir la gouvernance partag\u00e9e \u00e0 travers les diff\u00e9rents types de prises de d\u00e9cision que nous pratiquons au sein de nos collectifs et de nos conseils municipaux.<\/p>\n\n\n\n<p>Durant cette journ\u00e9e, nous allons :<\/p>\n\n\n\n<ul class=\"wp-block-list\">\n<li>Faire connaissance \u00e0 travers nos histoires, nos pratiques au sein de nos groupes<\/li>\n\n\n\n<li>D\u00e9couvrir les clefs et les principes d&rsquo;un fonctionnement en gouvernance partag\u00e9e<\/li>\n\n\n\n<li>Observer les diff\u00e9rents modes de prises d\u00e9cisions utilis\u00e9s au sein de nos conseils municipaux et\/ou nos collectifs-Associations.<\/li>\n\n\n\n<li>Exp\u00e9rimenter le processus de prise de d\u00e9cision par consentement (principe de non-objection \u00e0 une d\u00e9cision, g\u00e9n\u00e9ralement cette pratique est utilis\u00e9 dans le cadre de prise de d\u00e9cision strat\u00e9gique)<\/li>\n<\/ul>\n\n\n\n<p><a href=\"https:\/\/mobilizon.fr\/events\/edit\/383f63d5-1d02-40c7-b097-60158cfd6114\">Plus d&rsquo;informations via ce lien !<\/a><\/p>\n\n\n\n<figure class=\"wp-block-image size-large\"><img loading=\"lazy\" decoding=\"async\" width=\"1024\" height=\"498\" src=\"https:\/\/objetsparticipatif.fr\/site\/wp-content\/uploads\/2025\/06\/57761903_319536405401102_544772286025039872_n-1024x498.jpg\" alt=\"Formation Gouvernance partag\u00e9e \u00e0 Armenti\u00e8res en 2020\" class=\"wp-image-338\" srcset=\"https:\/\/objetsparticipatif.fr\/site\/wp-content\/uploads\/2025\/06\/57761903_319536405401102_544772286025039872_n-1024x498.jpg 1024w, https:\/\/objetsparticipatif.fr\/site\/wp-content\/uploads\/2025\/06\/57761903_319536405401102_544772286025039872_n-300x146.jpg 300w, https:\/\/objetsparticipatif.fr\/site\/wp-content\/uploads\/2025\/06\/57761903_319536405401102_544772286025039872_n-768x373.jpg 768w, https:\/\/objetsparticipatif.fr\/site\/wp-content\/uploads\/2025\/06\/57761903_319536405401102_544772286025039872_n-1536x747.jpg 1536w, https:\/\/objetsparticipatif.fr\/site\/wp-content\/uploads\/2025\/06\/57761903_319536405401102_544772286025039872_n-2048x996.jpg 2048w\" sizes=\"auto, (max-width: 706px) 89vw, (max-width: 767px) 82vw, 740px\" \/><\/figure>\n\n\n\n<h1 class=\"wp-block-heading\"><strong>D\u00e9couvrir la gouvernance partag\u00e9e \u00e0 travers la r\u00e9gulation des tensions <\/strong><\/h1>\n\n\n\n<p><strong>Lundi 30 juin 2025 de 18h \u00e0 21h \u00e0 la MRES<\/strong><\/p>\n\n\n\n<p>D\u00e9couvrir et exp\u00e9rimenter les principes, les outils et la posture pour cheminer vers une gouvernance partag\u00e9e au sein de son association ou son collectif.<\/p>\n\n\n\n<p>Objectifs de ce temps :<\/p>\n\n\n\n<ul class=\"wp-block-list\">\n<li>Observer les diff\u00e9rents types de tensions au sein de nos associations ou nos collectifs<\/li>\n\n\n\n<li>D\u00e9couvrir le principe \u00ab\u00a0\u00c9coute et Adaptation\u00a0\u00bb pour ajuster nos actions, nos orientations.<\/li>\n\n\n\n<li>Exp\u00e9rimenter le processus de la r\u00e9union de triage, qui permet d\u2019exprimer et r\u00e9guler les tensions<\/li>\n<\/ul>\n\n\n\n<p>Pour s&rsquo;inscrire, suivre ce lien : <a target=\"_blank\" rel=\"noreferrer noopener\" href=\"https:\/\/mres-asso.org\/-Temps-de-Qualif-de-la-MRES-211-\">https:\/\/mres-asso.org\/-Temps-de-Qualif-de-la-MRES-211-<\/a><\/p>\n\n\n\n<figure class=\"wp-block-image size-large\"><img loading=\"lazy\" decoding=\"async\" width=\"1024\" height=\"724\" src=\"https:\/\/objetsparticipatif.fr\/site\/wp-content\/uploads\/2025\/06\/reguler-les-tensions-1024x724.jpg\" alt=\"\" class=\"wp-image-337\" srcset=\"https:\/\/objetsparticipatif.fr\/site\/wp-content\/uploads\/2025\/06\/reguler-les-tensions-1024x724.jpg 1024w, https:\/\/objetsparticipatif.fr\/site\/wp-content\/uploads\/2025\/06\/reguler-les-tensions-300x212.jpg 300w, https:\/\/objetsparticipatif.fr\/site\/wp-content\/uploads\/2025\/06\/reguler-les-tensions-768x543.jpg 768w, https:\/\/objetsparticipatif.fr\/site\/wp-content\/uploads\/2025\/06\/reguler-les-tensions-1536x1086.jpg 1536w, https:\/\/objetsparticipatif.fr\/site\/wp-content\/uploads\/2025\/06\/reguler-les-tensions.jpg 2000w\" sizes=\"auto, (max-width: 706px) 89vw, (max-width: 767px) 82vw, 740px\" \/><\/figure>\n\n\n\n<h1 class=\"wp-block-heading\"><strong>D\u00e9couvrir la facilitation des dynamiques de groupe<\/strong><\/h1>\n\n\n\n<p class=\"has-medium-font-size\"><br>D\u00e9couvrir une posture et des outils, un savoir-\u00eatre et un savoir-faire,<br>pour animer des dynamiques de groupe participatives, cr\u00e9atives et productives.<\/p>\n\n\n\n<p class=\"has-medium-font-size\">Cette formation vous permet de construire et d&rsquo;animer des groupes dans des contextes vari\u00e9s au service de vos organisations. <\/p>\n\n\n\n<p class=\"has-medium-font-size\"><strong>Sur demande ! <\/strong><\/p>\n\n\n\n<figure class=\"wp-block-image size-large\"><img loading=\"lazy\" decoding=\"async\" width=\"1024\" height=\"576\" src=\"https:\/\/objetsparticipatif.fr\/site\/wp-content\/uploads\/2025\/06\/IMG_20250221_094414-1024x576.jpg\" alt=\"Facilitation au service du projet associatif de l\u2019association CAPEP\" class=\"wp-image-336\" srcset=\"https:\/\/objetsparticipatif.fr\/site\/wp-content\/uploads\/2025\/06\/IMG_20250221_094414-1024x576.jpg 1024w, https:\/\/objetsparticipatif.fr\/site\/wp-content\/uploads\/2025\/06\/IMG_20250221_094414-300x169.jpg 300w, https:\/\/objetsparticipatif.fr\/site\/wp-content\/uploads\/2025\/06\/IMG_20250221_094414-768x432.jpg 768w, https:\/\/objetsparticipatif.fr\/site\/wp-content\/uploads\/2025\/06\/IMG_20250221_094414-1536x864.jpg 1536w, https:\/\/objetsparticipatif.fr\/site\/wp-content\/uploads\/2025\/06\/IMG_20250221_094414-2048x1152.jpg 2048w\" sizes=\"auto, (max-width: 706px) 89vw, (max-width: 767px) 82vw, 740px\" \/><\/figure>\n\n\n\n<h1 class=\"wp-block-heading\"><strong>D\u00e9couvrir la gouvernance partag\u00e9e<\/strong> <\/h1>\n\n\n\n<p class=\"has-medium-font-size\">D\u00e9couvrir les principes, les clefs d&rsquo;un gouvernance partag\u00e9e et exp\u00e9rimenter  les outils, les processus et la posture au service de celle-ci.<\/p>\n\n\n\n<p class=\"has-medium-font-size\">Cette formation vous permet de mettre en pratique les bases pour exp\u00e9rimenter, insuffler une gouvernance partag\u00e9e au sein de vos organisations.<\/p>\n\n\n\n<figure class=\"wp-block-image\"><img loading=\"lazy\" decoding=\"async\" width=\"1024\" height=\"724\" src=\"https:\/\/objetsparticipatif.fr\/site\/wp-content\/uploads\/2022\/10\/map-gouv-1024x724.jpg\" alt=\"\" class=\"wp-image-235\" srcset=\"https:\/\/objetsparticipatif.fr\/site\/wp-content\/uploads\/2022\/10\/map-gouv-1024x724.jpg 1024w, https:\/\/objetsparticipatif.fr\/site\/wp-content\/uploads\/2022\/10\/map-gouv-300x212.jpg 300w, https:\/\/objetsparticipatif.fr\/site\/wp-content\/uploads\/2022\/10\/map-gouv-768x543.jpg 768w, https:\/\/objetsparticipatif.fr\/site\/wp-content\/uploads\/2022\/10\/map-gouv.jpg 1169w\" sizes=\"auto, (max-width: 706px) 89vw, (max-width: 767px) 82vw, 740px\" \/><\/figure>\n\n\n\n<p class=\"has-medium-font-size\"><\/p>\n","protected":false},"excerpt":{"rendered":"<p>Formation \u00ab\u00a0D\u00e9couverte de la Gouvernance Partag\u00e9e\u00a0\u00bb Dimanche 29 juin 2025 de 9H30 \u00e0 16H30 aux jardins du Cygne \u00e0 Arn\u00e8ke. Dans le cadre de la quinzaine organis\u00e9 par le collectif D\u00e9mocratie vivante en Flandre D\u00e9couvrir la gouvernance partag\u00e9e \u00e0 travers les diff\u00e9rents types de prises de d\u00e9cision que nous pratiquons au sein de nos collectifs &hellip; <\/p>\n<p class=\"link-more\"><a href=\"https:\/\/objetsparticipatif.fr\/site\/formations\/\" class=\"more-link\">Continuer la lecture<span class=\"screen-reader-text\"> de &laquo;&nbsp;Formations&nbsp;&raquo;<\/span><\/a><\/p>\n","protected":false},"author":1,"featured_media":57,"parent":0,"menu_order":0,"comment_status":"closed","ping_status":"closed","template":"","meta":{"footnotes":""},"class_list":["post-79","page","type-page","status-publish","has-post-thumbnail","hentry"],"_links":{"self":[{"href":"https:\/\/objetsparticipatif.fr\/site\/wp-json\/wp\/v2\/pages\/79","targetHints":{"allow":["GET"]}}],"collection":[{"href":"https:\/\/objetsparticipatif.fr\/site\/wp-json\/wp\/v2\/pages"}],"about":[{"href":"https:\/\/objetsparticipatif.fr\/site\/wp-json\/wp\/v2\/types\/page"}],"author":[{"embeddable":true,"href":"https:\/\/objetsparticipatif.fr\/site\/wp-json\/wp\/v2\/users\/1"}],"replies":[{"embeddable":true,"href":"https:\/\/objetsparticipatif.fr\/site\/wp-json\/wp\/v2\/comments?post=79"}],"version-history":[{"count":48,"href":"https:\/\/objetsparticipatif.fr\/site\/wp-json\/wp\/v2\/pages\/79\/revisions"}],"predecessor-version":[{"id":343,"href":"https:\/\/objetsparticipatif.fr\/site\/wp-json\/wp\/v2\/pages\/79\/revisions\/343"}],"wp:featuredmedia":[{"embeddable":true,"href":"https:\/\/objetsparticipatif.fr\/site\/wp-json\/wp\/v2\/media\/57"}],"wp:attachment":[{"href":"https:\/\/objetsparticipatif.fr\/site\/wp-json\/wp\/v2\/media?parent=79"}],"curies":[{"name":"wp","href":"https:\/\/api.w.org\/{rel}","templated":true}]}}