{"id":202,"date":"2022-04-07T14:22:50","date_gmt":"2022-04-07T12:22:50","guid":{"rendered":"https:\/\/objetsparticipatif.fr\/site\/?page_id=202"},"modified":"2025-07-04T07:25:49","modified_gmt":"2025-07-04T05:25:49","slug":"collaboratrice-teurs","status":"publish","type":"page","link":"https:\/\/objetsparticipatif.fr\/site\/collaboratrice-teurs\/","title":{"rendered":"Partenaires"},"content":{"rendered":"\n<p>Pour r\u00e9pondre au mieux \u00e0 votre demande, je peux solliciter mes partenaires et constituer une \u00e9quipe au service de votre projet. Je peux aussi vous mettre en lien si je ne peux r\u00e9pondre \u00e0 votre demande.<\/p>\n\n\n\n<p><a href=\"https:\/\/www.linkedin.com\/in\/christophe-barron-66141032\/\">Christophe Barron<\/a> <\/p>\n\n\n\n<p><a href=\"https:\/\/juliamendes.fr\/\">Julia Mendes<\/a><\/p>\n\n\n\n<p><a href=\"https:\/\/www.linkedin.com\/in\/sebastien-labrune\/?originalSubdomain=fr\">S\u00e9bastien Labrune<\/a><\/p>\n\n\n\n<p><a href=\"https:\/\/www.linkedin.com\/in\/catherine-bouchez-4a7214b4\/\">Catherine Bouchez <\/a><\/p>\n\n\n\n<p><a href=\"https:\/\/www.linkedin.com\/in\/camille-frazzetta-8925b412b\/\">Camille Frazzetta<\/a><\/p>\n\n\n\n<p><a href=\"https:\/\/www.linkedin.com\/in\/patricechartrain\/\">Patrice Chartrain<\/a><\/p>\n\n\n\n<p><a href=\"https:\/\/www.linkedin.com\/in\/b%C3%A9atrice-boutin-40a77511b\/\">B\u00e9atrice Boutin<\/a><\/p>\n\n\n\n<p><a href=\"https:\/\/www.linkedin.com\/in\/marie-pirot-729116170\/\">Marie Pirot<\/a><\/p>\n\n\n\n<p><\/p>\n","protected":false},"excerpt":{"rendered":"<p>Pour r\u00e9pondre au mieux \u00e0 votre demande, je peux solliciter mes partenaires et constituer une \u00e9quipe au service de votre projet. Je peux aussi vous mettre en lien si je ne peux r\u00e9pondre \u00e0 votre demande. Christophe Barron Julia Mendes S\u00e9bastien Labrune Catherine Bouchez Camille Frazzetta Patrice Chartrain B\u00e9atrice Boutin Marie Pirot<\/p>\n","protected":false},"author":1,"featured_media":205,"parent":0,"menu_order":0,"comment_status":"closed","ping_status":"closed","template":"","meta":{"footnotes":""},"class_list":["post-202","page","type-page","status-publish","has-post-thumbnail","hentry"],"_links":{"self":[{"href":"https:\/\/objetsparticipatif.fr\/site\/wp-json\/wp\/v2\/pages\/202","targetHints":{"allow":["GET"]}}],"collection":[{"href":"https:\/\/objetsparticipatif.fr\/site\/wp-json\/wp\/v2\/pages"}],"about":[{"href":"https:\/\/objetsparticipatif.fr\/site\/wp-json\/wp\/v2\/types\/page"}],"author":[{"embeddable":true,"href":"https:\/\/objetsparticipatif.fr\/site\/wp-json\/wp\/v2\/users\/1"}],"replies":[{"embeddable":true,"href":"https:\/\/objetsparticipatif.fr\/site\/wp-json\/wp\/v2\/comments?post=202"}],"version-history":[{"count":5,"href":"https:\/\/objetsparticipatif.fr\/site\/wp-json\/wp\/v2\/pages\/202\/revisions"}],"predecessor-version":[{"id":357,"href":"https:\/\/objetsparticipatif.fr\/site\/wp-json\/wp\/v2\/pages\/202\/revisions\/357"}],"wp:featuredmedia":[{"embeddable":true,"href":"https:\/\/objetsparticipatif.fr\/site\/wp-json\/wp\/v2\/media\/205"}],"wp:attachment":[{"href":"https:\/\/objetsparticipatif.fr\/site\/wp-json\/wp\/v2\/media?parent=202"}],"curies":[{"name":"wp","href":"https:\/\/api.w.org\/{rel}","templated":true}]}}